{"id":66,"date":"2014-07-11T16:51:33","date_gmt":"2014-07-11T16:51:33","guid":{"rendered":"http:\/\/floristeriamalayerba.com\/blog\/?page_id=66"},"modified":"2014-07-11T16:56:25","modified_gmt":"2014-07-11T16:56:25","slug":"66-2","status":"publish","type":"page","link":"https:\/\/www.floristeriamalayerba.com\/blog\/66-2\/","title":{"rendered":"\u00abPreparando Bodas\u00bb"},"content":{"rendered":"<p>Ya estamos en otro Fin de Semana de Bodas. Una vez que se recibe el pedido de flor cortada, se prepara, mete en agua y en conservaci\u00f3n de frio en nuestra C\u00e1mara Refrigerada, d\u00e1ndote la confianza que el material que utilizamos es de primera calidad y esta en perfecto estado para hacer tus Creaciones Nupciales.<\/p>\n<p>Esta semana estamos trabajando con Hortensias, Boubardias, Lisiantus y Brunia. Crearemos un ramo Estilo Silvestre sin utilizar estructuras, soportes ni a\u00f1adidos. Solo la flor en su plena belleza.<\/p>\n<p>El ramo es para entregar a las diez y media de la ma\u00f1ana del S\u00e1bado, as\u00ed que se realizara ma\u00f1ana a primera hora para que est\u00e9 perfecto\u00a0a la hora de entregarlo a la Novia.<\/p>\n<p>&nbsp;<\/p>\n<p><a href=\"http:\/\/floristeriamalayerba.com\/blog\/wp-content\/uploads\/2014\/07\/2014-07-12-Natalia.jpeg\"><img loading=\"lazy\" decoding=\"async\" class=\"alignnone  wp-image-67\" src=\"http:\/\/floristeriamalayerba.com\/blog\/wp-content\/uploads\/2014\/07\/2014-07-12-Natalia.jpeg\" alt=\"2014-07-12 Natalia\" width=\"438\" height=\"299\" srcset=\"https:\/\/www.floristeriamalayerba.com\/blog\/wp-content\/uploads\/2014\/07\/2014-07-12-Natalia.jpeg 592w, https:\/\/www.floristeriamalayerba.com\/blog\/wp-content\/uploads\/2014\/07\/2014-07-12-Natalia-300x204.jpeg 300w\" sizes=\"auto, (max-width: 438px) 100vw, 438px\" \/><\/a><\/p>\n<p>&nbsp;<\/p>\n","protected":false},"excerpt":{"rendered":"<p>Ya estamos en otro Fin de Semana de Bodas. Una vez que se recibe el pedido de flor cortada, se prepara, mete en agua y en conservaci\u00f3n de frio en nuestra C\u00e1mara Refrigerada, d\u00e1ndote la confianza que el material que utilizamos es de primera calidad y esta en perfecto estado para hacer tus Creaciones Nupciales. <span class=\"ellipsis\">&hellip;<\/span> <span class=\"more-link-wrap\"><a href=\"https:\/\/www.floristeriamalayerba.com\/blog\/66-2\/\" class=\"more-link\"><span>Read More &rarr;<\/span><\/a><\/span><\/p>\n","protected":false},"author":1,"featured_media":0,"parent":0,"menu_order":0,"comment_status":"open","ping_status":"closed","template":"","meta":{"footnotes":""},"class_list":["post-66","page","type-page","status-publish","hentry"],"aioseo_notices":[],"_links":{"self":[{"href":"https:\/\/www.floristeriamalayerba.com\/blog\/wp-json\/wp\/v2\/pages\/66","targetHints":{"allow":["GET"]}}],"collection":[{"href":"https:\/\/www.floristeriamalayerba.com\/blog\/wp-json\/wp\/v2\/pages"}],"about":[{"href":"https:\/\/www.floristeriamalayerba.com\/blog\/wp-json\/wp\/v2\/types\/page"}],"author":[{"embeddable":true,"href":"https:\/\/www.floristeriamalayerba.com\/blog\/wp-json\/wp\/v2\/users\/1"}],"replies":[{"embeddable":true,"href":"https:\/\/www.floristeriamalayerba.com\/blog\/wp-json\/wp\/v2\/comments?post=66"}],"version-history":[{"count":3,"href":"https:\/\/www.floristeriamalayerba.com\/blog\/wp-json\/wp\/v2\/pages\/66\/revisions"}],"predecessor-version":[{"id":70,"href":"https:\/\/www.floristeriamalayerba.com\/blog\/wp-json\/wp\/v2\/pages\/66\/revisions\/70"}],"wp:attachment":[{"href":"https:\/\/www.floristeriamalayerba.com\/blog\/wp-json\/wp\/v2\/media?parent=66"}],"curies":[{"name":"wp","href":"https:\/\/api.w.org\/{rel}","templated":true}]}}